{"id":11304,"date":"2024-11-13T05:02:36","date_gmt":"2024-11-13T05:02:36","guid":{"rendered":"https:\/\/nantek.es\/nous\/"},"modified":"2026-04-29T07:55:56","modified_gmt":"2026-04-29T07:55:56","slug":"nous","status":"publish","type":"page","link":"https:\/\/nantek.es\/fr\/nous\/","title":{"rendered":"Nous"},"content":{"rendered":"\t\t<div data-elementor-type=\"wp-page\" data-elementor-id=\"11304\" class=\"elementor elementor-11304 elementor-2760\">\n\t\t\t\t<div data-ekitparallax=\"{&quot;ekit_section_parallax_bg&quot;:&quot;yes&quot;,&quot;ekit_section_parallax_bg_speed&quot;:0.5,&quot;elementor_lazy_load&quot;:&quot;1&quot;}\" class=\"elementor-element elementor-element-4e2cb17 page-hero e-flex e-con-boxed e-con e-parent\" data-id=\"4e2cb17\" data-element_type=\"container\" data-e-type=\"container\" data-settings=\"{&quot;background_background&quot;:&quot;classic&quot;}\">\n\t\t\t\t\t<div class=\"e-con-inner\">\n\t\t<div class=\"elementor-element elementor-element-af76f5b e-con-full e-flex e-con e-child\" data-id=\"af76f5b\" data-element_type=\"container\" data-e-type=\"container\">\n\t\t\t\t<div class=\"elementor-element elementor-element-6e23331 at-heading-animation at-animation-heading-style-2 elementor-widget elementor-widget-heading\" data-id=\"6e23331\" data-element_type=\"widget\" data-e-type=\"widget\" data-settings=\"{&quot;ekit_we_effect_on&quot;:&quot;none&quot;}\" data-widget_type=\"heading.default\">\n\t\t\t\t<div class=\"elementor-widget-container\">\n\t\t\t\t\t<h1 class=\"elementor-heading-title elementor-size-default\">Qui<span> sommes-nous<\/span><\/h1>\t\t\t\t<\/div>\n\t\t\t\t<\/div>\n\t\t\t\t<\/div>\n\t\t\t\t\t<\/div>\n\t\t\t\t<\/div>\n\t\t<div class=\"elementor-element elementor-element-ed51e28 e-flex e-con-boxed e-con e-parent\" data-id=\"ed51e28\" data-element_type=\"container\" data-e-type=\"container\">\n\t\t\t\t\t<div class=\"e-con-inner\">\n\t\t<div class=\"elementor-element elementor-element-2a002a2 e-con-full e-flex e-con e-child\" data-id=\"2a002a2\" data-element_type=\"container\" data-e-type=\"container\">\n\t\t\t\t<div class=\"elementor-element elementor-element-344f8e3 elementor-widget elementor-widget-video\" data-id=\"344f8e3\" data-element_type=\"widget\" data-e-type=\"widget\" data-settings=\"{&quot;youtube_url&quot;:&quot;https:\\\/\\\/youtu.be\\\/ycc7weBP4f0?si=9RDoXpDwmxSJ6GCA&quot;,&quot;video_type&quot;:&quot;youtube&quot;,&quot;ekit_we_effect_on&quot;:&quot;none&quot;}\" data-widget_type=\"video.default\">\n\t\t\t\t<div class=\"elementor-widget-container\">\n\t\t\t\t\t\t\t<div class=\"elementor-wrapper elementor-open-inline\">\n\t\t\t<div class=\"elementor-video\"><\/div>\t\t<\/div>\n\t\t\t\t\t\t<\/div>\n\t\t\t\t<\/div>\n\t\t\t\t<\/div>\n\t\t<div class=\"elementor-element elementor-element-180bd1c e-con-full e-flex e-con e-child\" data-id=\"180bd1c\" data-element_type=\"container\" data-e-type=\"container\">\n\t\t<div class=\"elementor-element elementor-element-ed08738 e-con-full e-flex e-con e-child\" data-id=\"ed08738\" data-element_type=\"container\" data-e-type=\"container\">\n\t\t\t\t<div class=\"elementor-element elementor-element-f90c28c at-heading-animation at-animation-heading-style-2 elementor-widget elementor-widget-heading\" data-id=\"f90c28c\" data-element_type=\"widget\" data-e-type=\"widget\" data-settings=\"{&quot;ekit_we_effect_on&quot;:&quot;none&quot;}\" data-widget_type=\"heading.default\">\n\t\t\t\t<div class=\"elementor-widget-container\">\n\t\t\t\t\t<h2 class=\"elementor-heading-title elementor-size-default\">Nous sommes une \u00e9nergie transformatrice<\/h2>\t\t\t\t<\/div>\n\t\t\t\t<\/div>\n\t\t\t\t<div class=\"elementor-element elementor-element-3baecc7 elementor-widget elementor-widget-text-editor\" data-id=\"3baecc7\" data-element_type=\"widget\" data-e-type=\"widget\" data-settings=\"{&quot;ekit_we_effect_on&quot;:&quot;none&quot;}\" data-widget_type=\"text-editor.default\">\n\t\t\t\t<div class=\"elementor-widget-container\">\n\t\t\t\t\t\t\t\t\t<p>Chez NANTEK, nous d\u00e9veloppons, g\u00e9rons et promouvons des centrales \u00e9nerg\u00e9tiques bas\u00e9es sur la valorisation des ressources plastiques. Nous op\u00e9rons avec une vision industrielle et une vocation mondiale, en promouvant un mod\u00e8le \u00e9nerg\u00e9tique circulaire et rentable.<\/p><p>Nous g\u00e9rons directement nos usines et proposons \u00e9galement des mod\u00e8les de collaboration et des licences pour leur implantation sur d&rsquo;autres territoires.<\/p><p>Notre mission est claire : transformer un probl\u00e8me environnemental en une source stable d&rsquo;\u00e9nergie et de croissance.<\/p>\t\t\t\t\t\t\t\t<\/div>\n\t\t\t\t<\/div>\n\t\t\t\t<\/div>\n\t\t\t\t<\/div>\n\t\t\t\t\t<\/div>\n\t\t\t\t<\/div>\n\t\t<div class=\"elementor-element elementor-element-b56e55f e-flex e-con-boxed e-con e-parent\" data-id=\"b56e55f\" data-element_type=\"container\" data-e-type=\"container\">\n\t\t\t\t\t<div class=\"e-con-inner\">\n\t\t<div class=\"elementor-element elementor-element-bff94d0 e-con-full e-flex e-con e-child\" data-id=\"bff94d0\" data-element_type=\"container\" data-e-type=\"container\">\n\t\t<div class=\"elementor-element elementor-element-db50938 e-con-full team-member-item e-flex elementor-invisible e-con e-child\" data-id=\"db50938\" data-element_type=\"container\" data-e-type=\"container\" data-settings=\"{&quot;animation&quot;:&quot;fadeInUp&quot;}\">\n\t\t<div class=\"elementor-element elementor-element-72e7c0e e-con-full e-flex e-con e-child\" data-id=\"72e7c0e\" data-element_type=\"container\" data-e-type=\"container\">\n\t\t\t\t<div class=\"elementor-element elementor-element-63866bb at-heading-animation at-animation-heading-style-2 elementor-widget elementor-widget-heading\" data-id=\"63866bb\" data-element_type=\"widget\" data-e-type=\"widget\" data-settings=\"{&quot;ekit_we_effect_on&quot;:&quot;none&quot;}\" data-widget_type=\"heading.default\">\n\t\t\t\t<div class=\"elementor-widget-container\">\n\t\t\t\t\t<h2 class=\"elementor-heading-title elementor-size-default\">\u00c9quipe <span>de direction<\/span><\/h2>\t\t\t\t<\/div>\n\t\t\t\t<\/div>\n\t\t\t\t<\/div>\n\t\t\t\t<\/div>\n\t\t\t\t<\/div>\n\t\t<div class=\"elementor-element elementor-element-0c1dfc4 e-con-full e-flex e-con e-child\" data-id=\"0c1dfc4\" data-element_type=\"container\" data-e-type=\"container\">\n\t\t<div class=\"elementor-element elementor-element-e9dca87 e-con-full team-member-item e-flex elementor-invisible e-con e-child\" data-id=\"e9dca87\" data-element_type=\"container\" data-e-type=\"container\" data-settings=\"{&quot;animation&quot;:&quot;fadeInUp&quot;}\">\n\t\t<div class=\"elementor-element elementor-element-3b4255a e-con-full e-flex e-con e-child\" data-id=\"3b4255a\" data-element_type=\"container\" data-e-type=\"container\">\n\t\t\t\t<div class=\"elementor-element elementor-element-e6b768e at-image-animation at-animation-image-none elementor-widget elementor-widget-image\" data-id=\"e6b768e\" data-element_type=\"widget\" data-e-type=\"widget\" data-settings=\"{&quot;ekit_we_effect_on&quot;:&quot;none&quot;}\" data-widget_type=\"image.default\">\n\t\t\t\t<div class=\"elementor-widget-container\">\n\t\t\t\t\t\t\t\t\t\t\t\t\t\t\t<img fetchpriority=\"high\" decoding=\"async\" width=\"1536\" height=\"1024\" src=\"https:\/\/nantek.es\/wp-content\/uploads\/Nantek-Carlos.jpeg\" class=\"attachment-full size-full wp-image-11301\" alt=\"\" srcset=\"https:\/\/nantek.es\/wp-content\/uploads\/Nantek-Carlos.jpeg 1536w, https:\/\/nantek.es\/wp-content\/uploads\/Nantek-Carlos-300x200.jpeg 300w, https:\/\/nantek.es\/wp-content\/uploads\/Nantek-Carlos-1024x683.jpeg 1024w, https:\/\/nantek.es\/wp-content\/uploads\/Nantek-Carlos-768x512.jpeg 768w\" sizes=\"(max-width: 1536px) 100vw, 1536px\" \/>\t\t\t\t\t\t\t\t\t\t\t\t\t\t\t<\/div>\n\t\t\t\t<\/div>\n\t\t\t\t<div class=\"elementor-element elementor-element-9bda16a team-social-icon elementor-widget elementor-widget-elementskit-social-media\" data-id=\"9bda16a\" data-element_type=\"widget\" data-e-type=\"widget\" data-settings=\"{&quot;ekit_we_effect_on&quot;:&quot;none&quot;}\" data-widget_type=\"elementskit-social-media.default\">\n\t\t\t\t<div class=\"elementor-widget-container\">\n\t\t\t\t\t<div class=\"ekit-wid-con\" >\t\t\t <ul class=\"ekit_social_media\">\n\t\t\t\t\t\t\t\t\t\t\t\t\t\t<li class=\"elementor-repeater-item-62a175a\">\n\t\t\t\t\t    <a\n\t\t\t\t\t\thref=\"https:\/\/www.linkedin.com\/in\/carlos-uraga-779ab929\/\" aria-label=\"LinkedIn\" class=\"linkedin\" >\n\t\t\t\t\t\t\t\n\t\t\t\t\t\t\t<i aria-hidden=\"true\" class=\"icon icon-linkedin\"><\/i>\n                                                                                                            <\/a>\n                    <\/li>\n                    \t\t\t\t\t\t\t<\/ul>\n\t\t<\/div>\t\t\t\t<\/div>\n\t\t\t\t<\/div>\n\t\t\t\t<\/div>\n\t\t<div class=\"elementor-element elementor-element-33a308f e-con-full e-flex e-con e-child\" data-id=\"33a308f\" data-element_type=\"container\" data-e-type=\"container\">\n\t\t\t\t<div class=\"elementor-element elementor-element-9e65ade ekit-equal-height-disable elementor-widget elementor-widget-elementskit-icon-box\" data-id=\"9e65ade\" data-element_type=\"widget\" data-e-type=\"widget\" data-settings=\"{&quot;ekit_we_effect_on&quot;:&quot;none&quot;}\" data-widget_type=\"elementskit-icon-box.default\">\n\t\t\t\t<div class=\"elementor-widget-container\">\n\t\t\t\t\t<div class=\"ekit-wid-con\" >        <!-- link opening -->\n                <!-- end link opening -->\n\n        <div class=\"elementskit-infobox text-center text- icon-lef-right-aligin elementor-animation-   \">\n                        <div class=\"box-body\">\n                            <h3 class=\"elementskit-info-box-title\">\n                    Carlos Uraga Pastor                <\/h3>\n                        \t\t  \t<p>PDG et associ\u00e9 fondateur<\/p>\n                                <\/div>\n        \n        \n                <\/div>\n        <\/div>\t\t\t\t<\/div>\n\t\t\t\t<\/div>\n\t\t\t\t<\/div>\n\t\t\t\t<\/div>\n\t\t<div class=\"elementor-element elementor-element-b98f635 e-con-full team-member-item e-flex elementor-invisible e-con e-child\" data-id=\"b98f635\" data-element_type=\"container\" data-e-type=\"container\" data-settings=\"{&quot;animation&quot;:&quot;fadeInUp&quot;,&quot;animation_delay&quot;:100}\">\n\t\t<div class=\"elementor-element elementor-element-e86d077 e-con-full e-flex e-con e-child\" data-id=\"e86d077\" data-element_type=\"container\" data-e-type=\"container\">\n\t\t\t\t<div class=\"elementor-element elementor-element-a1b4baf at-image-animation at-animation-image-none elementor-widget elementor-widget-image\" data-id=\"a1b4baf\" data-element_type=\"widget\" data-e-type=\"widget\" data-settings=\"{&quot;ekit_we_effect_on&quot;:&quot;none&quot;}\" data-widget_type=\"image.default\">\n\t\t\t\t<div class=\"elementor-widget-container\">\n\t\t\t\t\t\t\t\t\t\t\t\t\t\t\t<img decoding=\"async\" width=\"1536\" height=\"1024\" src=\"https:\/\/nantek.es\/wp-content\/uploads\/Nantek-Mikel.jpeg\" class=\"attachment-full size-full wp-image-11302\" alt=\"\" srcset=\"https:\/\/nantek.es\/wp-content\/uploads\/Nantek-Mikel.jpeg 1536w, https:\/\/nantek.es\/wp-content\/uploads\/Nantek-Mikel-300x200.jpeg 300w, https:\/\/nantek.es\/wp-content\/uploads\/Nantek-Mikel-1024x683.jpeg 1024w, https:\/\/nantek.es\/wp-content\/uploads\/Nantek-Mikel-768x512.jpeg 768w\" sizes=\"(max-width: 1536px) 100vw, 1536px\" \/>\t\t\t\t\t\t\t\t\t\t\t\t\t\t\t<\/div>\n\t\t\t\t<\/div>\n\t\t\t\t<div class=\"elementor-element elementor-element-5134cf4 team-social-icon elementor-widget elementor-widget-elementskit-social-media\" data-id=\"5134cf4\" data-element_type=\"widget\" data-e-type=\"widget\" data-settings=\"{&quot;ekit_we_effect_on&quot;:&quot;none&quot;}\" data-widget_type=\"elementskit-social-media.default\">\n\t\t\t\t<div class=\"elementor-widget-container\">\n\t\t\t\t\t<div class=\"ekit-wid-con\" >\t\t\t <ul class=\"ekit_social_media\">\n\t\t\t\t\t\t\t\t\t\t\t\t\t\t<li class=\"elementor-repeater-item-62a175a\">\n\t\t\t\t\t    <a\n\t\t\t\t\t\thref=\"https:\/\/www.linkedin.com\/in\/mikel-azcona-calero-a0505486\" aria-label=\"LinkedIn\" class=\"linkedin\" >\n\t\t\t\t\t\t\t\n\t\t\t\t\t\t\t<i aria-hidden=\"true\" class=\"icon icon-linkedin\"><\/i>\n                                                                                                            <\/a>\n                    <\/li>\n                    \t\t\t\t\t\t\t<\/ul>\n\t\t<\/div>\t\t\t\t<\/div>\n\t\t\t\t<\/div>\n\t\t\t\t<\/div>\n\t\t<div class=\"elementor-element elementor-element-9c61a5e e-con-full e-flex e-con e-child\" data-id=\"9c61a5e\" data-element_type=\"container\" data-e-type=\"container\">\n\t\t\t\t<div class=\"elementor-element elementor-element-4e68a00 ekit-equal-height-disable elementor-widget elementor-widget-elementskit-icon-box\" data-id=\"4e68a00\" data-element_type=\"widget\" data-e-type=\"widget\" data-settings=\"{&quot;ekit_we_effect_on&quot;:&quot;none&quot;}\" data-widget_type=\"elementskit-icon-box.default\">\n\t\t\t\t<div class=\"elementor-widget-container\">\n\t\t\t\t\t<div class=\"ekit-wid-con\" >        <!-- link opening -->\n                <!-- end link opening -->\n\n        <div class=\"elementskit-infobox text-center text- icon-lef-right-aligin elementor-animation-   \">\n                        <div class=\"box-body\">\n                            <h3 class=\"elementskit-info-box-title\">\n                    Mikel Azcona Calero                <\/h3>\n                        \t\t  \t<p>Directeur technique (CTO) et associ\u00e9<\/p>\n                                <\/div>\n        \n        \n                <\/div>\n        <\/div>\t\t\t\t<\/div>\n\t\t\t\t<\/div>\n\t\t\t\t<\/div>\n\t\t\t\t<\/div>\n\t\t<div class=\"elementor-element elementor-element-4a7219d e-con-full team-member-item e-flex elementor-invisible e-con e-child\" data-id=\"4a7219d\" data-element_type=\"container\" data-e-type=\"container\" data-settings=\"{&quot;animation&quot;:&quot;fadeInUp&quot;,&quot;animation_delay&quot;:200}\">\n\t\t<div class=\"elementor-element elementor-element-5d26954 e-con-full e-flex e-con e-child\" data-id=\"5d26954\" data-element_type=\"container\" data-e-type=\"container\">\n\t\t\t\t<div class=\"elementor-element elementor-element-ff14409 at-image-animation at-animation-image-none elementor-widget elementor-widget-image\" data-id=\"ff14409\" data-element_type=\"widget\" data-e-type=\"widget\" data-settings=\"{&quot;ekit_we_effect_on&quot;:&quot;none&quot;}\" data-widget_type=\"image.default\">\n\t\t\t\t<div class=\"elementor-widget-container\">\n\t\t\t\t\t\t\t\t\t\t\t\t\t\t\t<img decoding=\"async\" width=\"1536\" height=\"1024\" src=\"https:\/\/nantek.es\/wp-content\/uploads\/Nantek-Javier.jpeg\" class=\"attachment-full size-full wp-image-11303\" alt=\"\" srcset=\"https:\/\/nantek.es\/wp-content\/uploads\/Nantek-Javier.jpeg 1536w, https:\/\/nantek.es\/wp-content\/uploads\/Nantek-Javier-300x200.jpeg 300w, https:\/\/nantek.es\/wp-content\/uploads\/Nantek-Javier-1024x683.jpeg 1024w, https:\/\/nantek.es\/wp-content\/uploads\/Nantek-Javier-768x512.jpeg 768w\" sizes=\"(max-width: 1536px) 100vw, 1536px\" \/>\t\t\t\t\t\t\t\t\t\t\t\t\t\t\t<\/div>\n\t\t\t\t<\/div>\n\t\t\t\t<div class=\"elementor-element elementor-element-297748f team-social-icon elementor-widget elementor-widget-elementskit-social-media\" data-id=\"297748f\" data-element_type=\"widget\" data-e-type=\"widget\" data-settings=\"{&quot;ekit_we_effect_on&quot;:&quot;none&quot;}\" data-widget_type=\"elementskit-social-media.default\">\n\t\t\t\t<div class=\"elementor-widget-container\">\n\t\t\t\t\t<div class=\"ekit-wid-con\" >\t\t\t <ul class=\"ekit_social_media\">\n\t\t\t\t\t\t\t\t\t\t\t\t\t\t<li class=\"elementor-repeater-item-62a175a\">\n\t\t\t\t\t    <a\n\t\t\t\t\t\thref=\"https:\/\/www.linkedin.com\/in\/javier-s%C3%A1nchez-ramade-7a17a2264\" aria-label=\"LinkedIn\" class=\"linkedin\" >\n\t\t\t\t\t\t\t\n\t\t\t\t\t\t\t<i aria-hidden=\"true\" class=\"icon icon-linkedin\"><\/i>\n                                                                                                            <\/a>\n                    <\/li>\n                    \t\t\t\t\t\t\t<\/ul>\n\t\t<\/div>\t\t\t\t<\/div>\n\t\t\t\t<\/div>\n\t\t\t\t<\/div>\n\t\t<div class=\"elementor-element elementor-element-42dc1b3 e-con-full e-flex e-con e-child\" data-id=\"42dc1b3\" data-element_type=\"container\" data-e-type=\"container\">\n\t\t\t\t<div class=\"elementor-element elementor-element-fb19f93 ekit-equal-height-disable elementor-widget elementor-widget-elementskit-icon-box\" data-id=\"fb19f93\" data-element_type=\"widget\" data-e-type=\"widget\" data-settings=\"{&quot;ekit_we_effect_on&quot;:&quot;none&quot;}\" data-widget_type=\"elementskit-icon-box.default\">\n\t\t\t\t<div class=\"elementor-widget-container\">\n\t\t\t\t\t<div class=\"ekit-wid-con\" >        <!-- link opening -->\n                <!-- end link opening -->\n\n        <div class=\"elementskit-infobox text-center text- icon-lef-right-aligin elementor-animation-   \">\n                        <div class=\"box-body\">\n                            <h3 class=\"elementskit-info-box-title\">\n                    Javier S\u00e1nchez-Ramade                <\/h3>\n                        \t\t  \t<p>Directeur des op\u00e9rations (COO) et associ\u00e9<\/p>\n                                <\/div>\n        \n        \n                <\/div>\n        <\/div>\t\t\t\t<\/div>\n\t\t\t\t<\/div>\n\t\t\t\t<\/div>\n\t\t\t\t<\/div>\n\t\t\t\t<\/div>\n\t\t\t\t\t<\/div>\n\t\t\t\t<\/div>\n\t\t\t\t<\/div>\n\t\t","protected":false},"excerpt":{"rendered":"<p>Qui sommes-nous Nous sommes une \u00e9nergie transformatrice Chez NANTEK, nous d\u00e9veloppons, g\u00e9rons [&hellip;]<\/p>\n","protected":false},"author":1,"featured_media":0,"parent":0,"menu_order":0,"comment_status":"closed","ping_status":"closed","template":"elementor_header_footer","meta":{"footnotes":""},"class_list":["post-11304","page","type-page","status-publish","hentry"],"_links":{"self":[{"href":"https:\/\/nantek.es\/fr\/wp-json\/wp\/v2\/pages\/11304","targetHints":{"allow":["GET"]}}],"collection":[{"href":"https:\/\/nantek.es\/fr\/wp-json\/wp\/v2\/pages"}],"about":[{"href":"https:\/\/nantek.es\/fr\/wp-json\/wp\/v2\/types\/page"}],"author":[{"embeddable":true,"href":"https:\/\/nantek.es\/fr\/wp-json\/wp\/v2\/users\/1"}],"replies":[{"embeddable":true,"href":"https:\/\/nantek.es\/fr\/wp-json\/wp\/v2\/comments?post=11304"}],"version-history":[{"count":4,"href":"https:\/\/nantek.es\/fr\/wp-json\/wp\/v2\/pages\/11304\/revisions"}],"predecessor-version":[{"id":11354,"href":"https:\/\/nantek.es\/fr\/wp-json\/wp\/v2\/pages\/11304\/revisions\/11354"}],"wp:attachment":[{"href":"https:\/\/nantek.es\/fr\/wp-json\/wp\/v2\/media?parent=11304"}],"curies":[{"name":"wp","href":"https:\/\/api.w.org\/{rel}","templated":true}]}}